{"id":4394,"date":"2016-12-03T12:12:20","date_gmt":"2016-12-03T11:12:20","guid":{"rendered":"https:\/\/www.benders.company\/?page_id=4394\/"},"modified":"2016-12-03T12:12:20","modified_gmt":"2016-12-03T11:12:20","slug":"zahlungsmoeglichkeiten","status":"publish","type":"page","link":"https:\/\/www.benders.company\/en\/zahlungsmoeglichkeiten\/","title":{"rendered":"Zahlungsm\u00f6glichkeiten"},"content":{"rendered":"<p>Wir bieten folgende Zahlungsarten an. Suche dir einfach die f\u00fcr dich optimale Zahlart aus. Die Versandkosten sind teilweise abh\u00e4ngig von der gew\u00e4hlten Zahlungsart. Die in den jeweiligen Angeboten angef\u00fchrten Preise stellen Endpreise dar. Sie beinhalten alle Preisbestandteile einschlie\u00dflich etwaig anfallender Steuern wie Mehrwertsteuer. Nur bei grenz\u00fcberschreitender Lieferung k\u00f6nnen im Einzelfall weitere Steuern (z.B. im Falle eines innergemeinschaftlichen Erwerbs) und\/oder Abgaben (z.B. Z\u00f6lle) von dir\u00a0zu zahlen sein, jedoch nicht an den Verk\u00e4ufer, sondern an die dort zust\u00e4ndigen Zoll- bzw. Steuerbeh\u00f6rden. Die anfallenden Liefer- und Versandkosten sind nicht im Kaufpreis enthalten, sie sind \u00fcber die Seite \u201eVersandkosten\u201c aufrufbar, werden im Laufe des Bestellvorganges gesondert ausgewiesen und sind von dir\u00a0zus\u00e4tzlich zu tragen.<\/p>\n<h3>Bank\u00fcberweisung<\/h3>\n<p>Du erh\u00e4ltst sofort nach der Bestellung unsere Bankdaten zugeschickt und \u00fcberweist den Betrag vorab auf unser Konto. Nachdem die Zahlung bei uns eingegangen ist, wird die Bestellung umgehend versandt.<\/p>\n<p><em>Kontoinhaber: Benders<\/em><br \/>\n<em>Kontonummer: 34417202<\/em><br \/>\n<em>Bankleitzahl: 67292200<\/em><br \/>\n<em>Bankinstitut: Volksbank Kraichgau<\/em><br \/>\n<em>IBAN-Nr.: DE17672922000034417202<\/em><br \/>\n<em>BIC-Code: GENODE61WIE<\/em><\/p>\n<h3>EU-Standard Bank Transfer<\/h3>\n<p>Bequem per Bank\u00fcberweisung innerhalb der Europ\u00e4ischen Union bezahlen. Du erh\u00e4ltst sofort\u00a0nach der Bestellung unsere Bankdaten mit IBAN u. SWIFT Code zugeschickt. Nachdem die Zahlung bei uns eingegangen ist, wird die Bestellung umgehend versandt.<\/p>\n<h3>PayPal<\/h3>\n<p>Paypal ist ein einfaches, schnelles und sicheres Online-Bezahlsystem. Mit deinem PayPal-Konto kannst du komfortabel deine Bestellung bei uns bezahlen. Wir erhalten umgehend die Zahlungsbest\u00e4tigung und k\u00f6nnen die Bestellung sofort bearbeiten.<\/p>\n<h3>Barzahlung bei Abholung<\/h3>\n<p>Du kannst deine Bestellung gerne bei uns abholen und bar bezahlen. Bitte vor Abholung einen Termin mit uns vereinbaren!<\/p>\n","protected":false},"excerpt":{"rendered":"<p>Wir bieten folgende Zahlungsarten an. Suche dir einfach die f\u00fcr dich optimale Zahlart aus. Die Versandkosten sind teilweise abh\u00e4ngig von der gew\u00e4hlten Zahlungsart. Die in den jeweiligen Angeboten angef\u00fchrten Preise stellen Endpreise dar. Sie beinhalten alle Preisbestandteile einschlie\u00dflich etwaig anfallender Steuern wie Mehrwertsteuer. Nur bei grenz\u00fcberschreitender Lieferung k\u00f6nnen im Einzelfall weitere Steuern (z.B. im Falle [&hellip;]<\/p>\n","protected":false},"author":1,"featured_media":0,"parent":0,"menu_order":999,"comment_status":"open","ping_status":"open","template":"","meta":{"_acf_changed":false,"footnotes":""},"class_list":["post-4394","page","type-page","status-publish","hentry"],"acf":[],"_links":{"self":[{"href":"https:\/\/www.benders.company\/en\/wp-json\/wp\/v2\/pages\/4394","targetHints":{"allow":["GET"]}}],"collection":[{"href":"https:\/\/www.benders.company\/en\/wp-json\/wp\/v2\/pages"}],"about":[{"href":"https:\/\/www.benders.company\/en\/wp-json\/wp\/v2\/types\/page"}],"author":[{"embeddable":true,"href":"https:\/\/www.benders.company\/en\/wp-json\/wp\/v2\/users\/1"}],"replies":[{"embeddable":true,"href":"https:\/\/www.benders.company\/en\/wp-json\/wp\/v2\/comments?post=4394"}],"version-history":[{"count":0,"href":"https:\/\/www.benders.company\/en\/wp-json\/wp\/v2\/pages\/4394\/revisions"}],"wp:attachment":[{"href":"https:\/\/www.benders.company\/en\/wp-json\/wp\/v2\/media?parent=4394"}],"curies":[{"name":"wp","href":"https:\/\/api.w.org\/{rel}","templated":true}]}}