{"id":6814,"date":"2016-12-03T10:39:31","date_gmt":"2016-12-03T09:39:31","guid":{"rendered":"https:\/\/www.benders.company\/widerruf\/"},"modified":"2016-12-03T10:39:31","modified_gmt":"2016-12-03T09:39:31","slug":"widerruf","status":"publish","type":"page","link":"https:\/\/www.benders.company\/en\/widerruf\/","title":{"rendered":"Widerrufsrecht"},"content":{"rendered":"<p><strong>1. Widerrufsrecht<\/strong><\/p>\n<p>Wenn Sie Verbraucher sind, steht Ihnen ein gesetzliches Widerrufsrecht zu, so dass Sie Ihre Vertragserkl\u00e4rung nach Ma\u00dfgabe der folgenden Belehrungen widerrufen k\u00f6nnen:<\/p>\n<p><strong>1.1 Widerrufsbelehrung f\u00fcr einen Vertrag zur Erbringung von Dienstleistungen:<\/strong><br \/>\n<div class=\"with-border\"><\/p>\n<p><strong>Widerrufsbelehrung<\/strong><\/p>\n<p><strong>Widerrufsrecht<\/strong><\/p>\n<p>Sie haben das Recht, binnen vierzehn Tagen ohne Angabe von Gr\u00fcnden diesen Vertrag zu widerrufen.<\/p>\n<p>Die Widerrufsfrist betr\u00e4gt vierzehn Tage ab dem Tag des Vertragsabschlusses.<\/p>\n<p>Um Ihr Widerrufsrecht auszu\u00fcben, m\u00fcssen Sie uns (Benders Company &#8211; Inh. Christian Bender, Haupstr. 166, 69168 Wiesloch, Telefon: 06222 7722-510, E-Mail: kontakt@benders.company) mittels einer eindeutigen Erkl\u00e4rung (z.B. ein mit der Post versandter Brief, Telefax oder E-Mail) \u00fcber Ihren Entschluss, diesen Vertrag zu widerrufen, informieren. Sie k\u00f6nnen daf\u00fcr das beigef\u00fcgte Muster-Widerrufsformular verwenden, das jedoch nicht vorgeschrieben ist.<\/p>\n<p>Zur Wahrung der Widerrufsfrist reicht es aus, dass Sie die Mitteilung \u00fcber die Aus\u00fcbung des Widerrufsrechts vor Ablauf der Widerrufsfrist absenden.<\/p>\n<p><strong>Folgen des Widerrufs<\/strong><\/p>\n<p>Wenn Sie diesen Vertrag widerrufen, haben wir Ihnen alle Zahlungen, die wir von Ihnen erhalten haben, einschlie\u00dflich der Lieferkosten (mit Ausnahme der zus\u00e4tzlichen Kosten, die sich daraus ergeben, dass Sie eine andere Art der Lieferung als die von uns angebotene, g\u00fcnstigste Standardlieferung gew\u00e4hlt haben), unverz\u00fcglich und sp\u00e4testens binnen vierzehn Tagen ab dem Tag zur\u00fcckzuzahlen, an dem die Mitteilung \u00fcber Ihren Widerruf dieses Vertrags bei uns eingegangen ist. F\u00fcr diese R\u00fcckzahlung verwenden wir dasselbe Zahlungsmittel, das Sie bei der urspr\u00fcnglichen Transaktion eingesetzt haben, es sei denn, mit Ihnen wurde ausdr\u00fccklich etwas anderes vereinbart; in keinem Fall werden Ihnen wegen dieser R\u00fcckzahlung Entgelte berechnet.<\/p>\n<p>Haben Sie verlangt, dass die Dienstleistungen w\u00e4hrend der Widerrufsfrist beginnen sollen, so haben Sie uns einen angemessenen Betrag zu zahlen, der dem Anteil der bis zu dem Zeitpunkt, zu dem Sie uns von der Aus\u00fcbung des Widerrufsrechts hinsichtlich dieses Vertrags unterrichten, bereits erbrachten Dienstleistungen im Vergleich zum Gesamtumfang der im Vertrag vorgesehenen Dienstleistungen entspricht.<\/p>\n<p><\/div>\n<p style=\"text-align: right;\">(Gestaltungshinweis 1.a + 6)<\/p>\n<p><strong>1.2 Widerrufsbelehrung, wenn die bestellte Ware paketversandf\u00e4hig ist und in einer Lieferung geliefert oder entgegengenommen wird:<\/strong><\/p>\n<div class=\"with-border\"><\/p>\n<p><strong>Widerrufsbelehrung<\/strong><\/p>\n<p><strong>Widerrufsrecht<\/strong><\/p>\n<p>Sie haben das Recht, binnen vierzehn Tagen ohne Angabe von Gr\u00fcnden diesen Vertrag zu widerrufen.<\/p>\n<p>Die Widerrufsfrist betr\u00e4gt vierzehn Tage ab dem Tag an dem Sie oder ein von Ihnen benannter Dritter, der nicht der Bef\u00f6rderer ist, die Waren in Besitz genommen haben bzw. hat.<\/p>\n<p>Um Ihr Widerrufsrecht auszu\u00fcben, m\u00fcssen Sie uns (Benders Company &#8211; Inh. Christian Bender, Haupstr. 166, 69168 Wiesloch, Telefon: 06222 7722-510, E-Mail: kontakt@benders.company) mittels einer eindeutigen Erkl\u00e4rung (z.B. ein mit der Post versandter Brief, Telefax oder E-Mail) \u00fcber Ihren Entschluss, diesen Vertrag zu widerrufen, informieren. Sie k\u00f6nnen daf\u00fcr das beigef\u00fcgte Muster-Widerrufsformular verwenden, das jedoch nicht vorgeschrieben ist.<\/p>\n<p>Zur Wahrung der Widerrufsfrist reicht es aus, dass Sie die Mitteilung \u00fcber die Aus\u00fcbung des Widerrufsrechts vor Ablauf der Widerrufsfrist absenden.<\/p>\n<p><strong>Folgen des Widerrufs<\/strong><\/p>\n<p>Wenn Sie diesen Vertrag widerrufen, haben wir Ihnen alle Zahlungen, die wir von Ihnen erhalten haben, einschlie\u00dflich der Lieferkosten (mit Ausnahme der zus\u00e4tzlichen Kosten, die sich daraus ergeben, dass Sie eine andere Art der Lieferung als die von uns angebotene, g\u00fcnstigste Standardlieferung gew\u00e4hlt haben), unverz\u00fcglich und sp\u00e4testens binnen vierzehn Tagen ab dem Tag zur\u00fcckzuzahlen, an dem die Mitteilung \u00fcber Ihren Widerruf dieses Vertrags bei uns eingegangen ist. F\u00fcr diese R\u00fcckzahlung verwenden wir dasselbe Zahlungsmittel, das Sie bei der urspr\u00fcnglichen Transaktion eingesetzt haben, es sei denn, mit Ihnen wurde ausdr\u00fccklich etwas anderes vereinbart; in keinem Fall werden Ihnen wegen dieser R\u00fcckzahlung Entgelte berechnet. Wir k\u00f6nnen die R\u00fcckzahlung verweigern, bis wir die Waren wieder zur\u00fcckerhalten haben oder bis Sie den Nachweis erbracht haben, dass Sie die Waren zur\u00fcckgesandt haben, je nachdem, welches der fr\u00fchere Zeitpunkt ist.<\/p>\n<p>Sie haben die Waren unverz\u00fcglich und in jedem Fall sp\u00e4testens binnen vierzehn Tagen ab dem Tag, an dem Sie uns \u00fcber den Widerruf dieses Vertrags unterrichten, an uns zur\u00fcckzusenden oder zu \u00fcbergeben. Die Frist ist gewahrt, wenn Sie die Waren vor Ablauf der Frist von vierzehn Tagen absenden. Sie tragen die unmittelbaren Kosten der R\u00fccksendung der Waren. Sie m\u00fcssen f\u00fcr einen etwaigen Wertverlust der Waren nur aufkommen, wenn dieser Wertverlust auf einen zur Pr\u00fcfung der Beschaffenheit, Eigenschaften und Funktionsweise der Waren nicht notwendigen Umgang mit ihnen zur\u00fcckzuf\u00fchren ist.<\/p>\n<p><\/div>\n<p style=\"text-align: right;\">(Gestaltungshinweis 1.b + 5.b II)<\/p>\n<p><strong>Hinweis<\/strong>:<\/p>\n<p>Die Ware sollte m\u00f6glichst in der Originalverpackung mit s\u00e4mtlichem Zubeh\u00f6r und Verpackungsbestandteilen zur\u00fcckgeschickt werden. Bitte verwenden Sie ggf. eine sch\u00fctzende Umverpackung, falls die Originalverpackung nicht mehr zur Verf\u00fcgung steht, um einen ausreichenden Schutz vor etwaigen Transportsch\u00e4den zu gew\u00e4hrleisten. Besch\u00e4digungen und Verunreinigungen an der zur\u00fcckzugew\u00e4hrenden Sache sollten vermieden werden. Wir weisen darauf hin, dass das Widerrufsrecht und seine Folgen selbstverst\u00e4ndlich unabh\u00e4ngig von der Beachtung dieses Hinweises bestehen, er dient lediglich einer erleichterten Abwicklung der Retoure.<\/p>\n<p><strong>1.3 Widerrufsbelehrung, f\u00fcr mehrere bestellte paketversandf\u00e4hige Waren einer einheitlichen Bestellung, die getrennt geliefert oder entgegengenommen werden:<\/strong><\/p>\n<div class=\"with-border\"><\/p>\n<p><strong>Widerrufsbelehrung<\/strong><\/p>\n<p><strong>Widerrufsrecht<\/strong><\/p>\n<p>Sie haben das Recht, binnen vierzehn Tagen ohne Angabe von Gr\u00fcnden diesen Vertrag zu widerrufen.<\/p>\n<p>Die Widerrufsfrist betr\u00e4gt vierzehn Tage ab dem Tag an dem Sie oder ein von Ihnen benannter Dritter, der nicht der Bef\u00f6rderer ist, die letzte Ware in Besitz genommen haben bzw. hat.<\/p>\n<p>Um Ihr Widerrufsrecht auszu\u00fcben, m\u00fcssen Sie uns (Benders Company &#8211; Inh. Christian Bender, Haupstr. 166, 69168 Wiesloch, Telefon: 06222 7722-510, E-Mail: kontakt@benders.company) mittels einer eindeutigen Erkl\u00e4rung (z.B. ein mit der Post versandter Brief, Telefax oder E-Mail) \u00fcber Ihren Entschluss, diesen Vertrag zu widerrufen, informieren. Sie k\u00f6nnen daf\u00fcr das beigef\u00fcgte Muster-Widerrufsformular verwenden, das jedoch nicht vorgeschrieben ist.<\/p>\n<p>Zur Wahrung der Widerrufsfrist reicht es aus, dass Sie die Mitteilung \u00fcber die Aus\u00fcbung des Widerrufsrechts vor Ablauf der Widerrufsfrist absenden.<\/p>\n<p>Folgen des Widerrufs<\/p>\n<p>Wenn Sie diesen Vertrag widerrufen, haben wir Ihnen alle Zahlungen, die wir von Ihnen erhalten haben, einschlie\u00dflich der Lieferkosten (mit Ausnahme der zus\u00e4tzlichen Kosten, die sich daraus ergeben, dass Sie eine andere Art der Lieferung als die von uns angebotene, g\u00fcnstigste Standardlieferung gew\u00e4hlt haben), unverz\u00fcglich und sp\u00e4testens binnen vierzehn Tagen ab dem Tag zur\u00fcckzuzahlen, an dem die Mitteilung \u00fcber Ihren Widerruf dieses Vertrags bei uns eingegangen ist. F\u00fcr diese R\u00fcckzahlung verwenden wir dasselbe Zahlungsmittel, das Sie bei der urspr\u00fcnglichen Transaktion eingesetzt haben, es sei denn, mit Ihnen wurde ausdr\u00fccklich etwas anderes vereinbart; in keinem Fall werden Ihnen wegen dieser R\u00fcckzahlung Entgelte berechnet. Wir k\u00f6nnen die R\u00fcckzahlung verweigern, bis wir die Waren wieder zur\u00fcckerhalten haben oder bis Sie den Nachweis erbracht haben, dass Sie die Waren zur\u00fcckgesandt haben, je nachdem, welches der fr\u00fchere Zeitpunkt ist.<\/p>\n<p>Sie haben die Waren unverz\u00fcglich und in jedem Fall sp\u00e4testens binnen vierzehn Tagen ab dem Tag, an dem Sie uns \u00fcber den Widerruf dieses Vertrags unterrichten, an uns zur\u00fcckzusenden oder zu \u00fcbergeben. Die Frist ist gewahrt, wenn Sie die Waren vor Ablauf der Frist von vierzehn Tagen absenden. Sie tragen die unmittelbaren Kosten der R\u00fccksendung der Waren. Sie m\u00fcssen f\u00fcr einen etwaigen Wertverlust der Waren nur aufkommen, wenn dieser Wertverlust auf einen zur Pr\u00fcfung der Beschaffenheit, Eigenschaften und Funktionsweise der Waren nicht notwendigen Umgang mit ihnen zur\u00fcckzuf\u00fchren ist.<\/p>\n<p><\/div>\n<p style=\"text-align: right;\">(Gestaltungshinweis 1.c + 5.b II)<\/p>\n<p>Hinweis:<\/p>\n<p>Die Ware sollte m\u00f6glichst in der Originalverpackung mit s\u00e4mtlichem Zubeh\u00f6r und Verpackungsbestandteilen zur\u00fcckgeschickt werden. Bitte verwenden Sie ggf. eine sch\u00fctzende Umverpackung, falls die Originalverpackung nicht mehr zur Verf\u00fcgung steht, um einen ausreichenden Schutz vor etwaigen Transportsch\u00e4den zu gew\u00e4hrleisten. Besch\u00e4digungen und Verunreinigungen an der zur\u00fcckzugew\u00e4hrenden Sache sollten vermieden werden. Wir weisen darauf hin, dass das Widerrufsrecht und seine Folgen selbstverst\u00e4ndlich unabh\u00e4ngig von der Beachtung dieses Hinweises bestehen, er dient lediglich einer erleichterten Abwicklung der Retoure.<\/p>\n<p><strong>1.4 Widerrufsbelehrung, f\u00fcr eine Ware, die als Paket in mehreren Teilsendungen oder St\u00fccken geliefert oder entgegengenommen wird:<\/strong><\/p>\n<div class=\"with-border\"><\/p>\n<p><strong>Widerrufsbelehrung<\/strong><\/p>\n<p><strong>Widerrufsrecht<\/strong><\/p>\n<p>Sie haben das Recht, binnen vierzehn Tagen ohne Angabe von Gr\u00fcnden diesen Vertrag zu widerrufen.<\/p>\n<p>Die Widerrufsfrist betr\u00e4gt vierzehn Tage ab dem Tag an dem Sie oder ein von Ihnen benannter Dritter, der nicht der Bef\u00f6rderer ist, die letzte Teilsendung oder das letzte St\u00fcck in Besitz genommen haben bzw. hat.<\/p>\n<p>Um Ihr Widerrufsrecht auszu\u00fcben, m\u00fcssen Sie uns (Benders Company &#8211; Inh. Christian Bender, Haupstr. 166, 69168 Wiesloch, Telefon: 06222 7722-510, E-Mail: kontakt@benders.company) mittels einer eindeutigen Erkl\u00e4rung (z.B. ein mit der Post versandter Brief, Telefax oder E-Mail) \u00fcber Ihren Entschluss, diesen Vertrag zu widerrufen, informieren. Sie k\u00f6nnen daf\u00fcr das beigef\u00fcgte Muster-Widerrufsformular verwenden, das jedoch nicht vorgeschrieben ist.<\/p>\n<p>Zur Wahrung der Widerrufsfrist reicht es aus, dass Sie die Mitteilung \u00fcber die Aus\u00fcbung des Widerrufsrechts vor Ablauf der Widerrufsfrist absenden.<\/p>\n<p><strong>Folgen des Widerrufs<\/strong><\/p>\n<p>Wenn Sie diesen Vertrag widerrufen, haben wir Ihnen alle Zahlungen, die wir von Ihnen erhalten haben, einschlie\u00dflich der Lieferkosten (mit Ausnahme der zus\u00e4tzlichen Kosten, die sich daraus ergeben, dass Sie eine andere Art der Lieferung als die von uns angebotene, g\u00fcnstigste Standardlieferung gew\u00e4hlt haben), unverz\u00fcglich und sp\u00e4testens binnen vierzehn Tagen ab dem Tag zur\u00fcckzuzahlen, an dem die Mitteilung \u00fcber Ihren Widerruf dieses Vertrags bei uns eingegangen ist. F\u00fcr diese R\u00fcckzahlung verwenden wir dasselbe Zahlungsmittel, das Sie bei der urspr\u00fcnglichen Transaktion eingesetzt haben, es sei denn, mit Ihnen wurde ausdr\u00fccklich etwas anderes vereinbart; in keinem Fall werden Ihnen wegen dieser R\u00fcckzahlung Entgelte berechnet. Wir k\u00f6nnen die R\u00fcckzahlung verweigern, bis wir die Waren wieder zur\u00fcckerhalten haben oder bis Sie den Nachweis erbracht haben, dass Sie die Waren zur\u00fcckgesandt haben, je nachdem, welches der fr\u00fchere Zeitpunkt ist.<\/p>\n<p>Sie haben die Waren unverz\u00fcglich und in jedem Fall sp\u00e4testens binnen vierzehn Tagen ab dem Tag, an dem Sie uns \u00fcber den Widerruf dieses Vertrags unterrichten, an uns zur\u00fcckzusenden oder zu \u00fcbergeben. Die Frist ist gewahrt, wenn Sie die Waren vor Ablauf der Frist von vierzehn Tagen absenden. Sie tragen die unmittelbaren Kosten der R\u00fccksendung der Waren. Sie m\u00fcssen f\u00fcr einen etwaigen Wertverlust der Waren nur aufkommen, wenn dieser Wertverlust auf einen zur Pr\u00fcfung der Beschaffenheit, Eigenschaften und Funktionsweise der Waren nicht notwendigen Umgang mit ihnen zur\u00fcckzuf\u00fchren ist.<\/p>\n<p><\/div>\n<p style=\"text-align: right;\">(Gestaltungshinweis 1.d + 5.b II)<\/p>\n<p>Hinweis:<\/p>\n<p>Die Ware sollte m\u00f6glichst in der Originalverpackung mit s\u00e4mtlichem Zubeh\u00f6r und Verpackungsbestandteilen zur\u00fcckgeschickt werden. Bitte verwenden Sie ggf. eine sch\u00fctzende Umverpackung, falls die Originalverpackung nicht mehr zur Verf\u00fcgung steht, um einen ausreichenden Schutz vor etwaigen Transportsch\u00e4den zu gew\u00e4hrleisten. Besch\u00e4digungen und Verunreinigungen an der zur\u00fcckzugew\u00e4hrenden Sache sollten vermieden werden. Wir weisen darauf hin, dass das Widerrufsrecht und seine Folgen selbstverst\u00e4ndlich unabh\u00e4ngig von der Beachtung dieses Hinweises bestehen, er dient lediglich einer erleichterten Abwicklung der Retoure.<\/p>\n<p><strong>2. Muster-Widerrufsformular<\/strong><\/p>\n<p>Das Muster-Widerrufsformular k\u00f6nnen Sie <a href=\"https:\/\/www.benders.company\/wp-content\/uploads\/2016\/12\/00-03-Muster-Widerrufsformular-10966.pdf\">[HIER]<\/a> als PDF abrufen.<\/p>\n<p><strong>3. Hinweise zum Nichtbestehen des Widerrufsrechts<\/strong><\/p>\n<p>Eine Ausnahme vom gesetzlichen Widerrufsrecht besteht in folgenden F\u00e4llen:<\/p>\n<p>* Gem\u00e4\u00df \u00a7 312 g Abs. 2 S.1 Nr. 1 BGB bei Vertr\u00e4gen zur Lieferung von Waren, die nicht vorgefertigt sind und f\u00fcr deren Herstellung eine individuelle Auswahl oder Bestimmung durch den Verbraucher ma\u00dfgeblich ist oder die eindeutig auf die pers\u00f6nlichen Bed\u00fcrfnisse des Verbrauchers zugeschnitten sind.<\/p>\n<p>In diesen F\u00e4llen steht auch dem Verbraucher gem\u00e4\u00df \u00a7 13 BGB kein gesetzliches Widerrufsrecht zu.<\/p>\n<p><strong>4. Hinweise zum Erl\u00f6schen des Widerrufsrechts<\/strong><\/p>\n<p>In folgenden F\u00e4llen besteht die M\u00f6glichkeit eines Erl\u00f6schens des gesetzlichen Widerrufsrechts:<\/p>\n<p>* Gem\u00e4\u00df \u00a7 356 Abs. 4 BGB bei Vertr\u00e4gen zur Erbringung von Dienstleistungen, wenn der Unternehmer die Dienstleistung vollst\u00e4ndig erbracht hat und mit der Ausf\u00fchrung der Dienstleistung erst begonnen hat, nachdem der Verbraucher dazu seine ausdr\u00fcckliche Zustimmung gegeben hat und gleichzeitig seine Kenntnis davon best\u00e4tigt hat, dass er sein Widerrufsrecht bei vollst\u00e4ndiger Vertragserf\u00fcllung durch den Unternehmer verliert.<\/p>\n<p>In diesen F\u00e4llen erlischt das dem Verbraucher (i.S.v. \u00a7 13 BGB) zun\u00e4chst zustehende gesetzliche Widerrufsrecht.<\/p>\n","protected":false},"excerpt":{"rendered":"<p>1. Widerrufsrecht Wenn Sie Verbraucher sind, steht Ihnen ein gesetzliches Widerrufsrecht zu, so dass Sie Ihre Vertragserkl\u00e4rung nach Ma\u00dfgabe der folgenden Belehrungen widerrufen k\u00f6nnen: 1.1 Widerrufsbelehrung f\u00fcr einen Vertrag zur Erbringung von Dienstleistungen: (Gestaltungshinweis 1.a + 6) 1.2 Widerrufsbelehrung, wenn die bestellte Ware paketversandf\u00e4hig ist und in einer Lieferung geliefert oder entgegengenommen wird: (Gestaltungshinweis 1.b [&hellip;]<\/p>\n","protected":false},"author":1,"featured_media":0,"parent":0,"menu_order":100,"comment_status":"closed","ping_status":"closed","template":"","meta":{"_acf_changed":false,"footnotes":""},"class_list":["post-6814","page","type-page","status-publish","hentry"],"acf":[],"_links":{"self":[{"href":"https:\/\/www.benders.company\/en\/wp-json\/wp\/v2\/pages\/6814","targetHints":{"allow":["GET"]}}],"collection":[{"href":"https:\/\/www.benders.company\/en\/wp-json\/wp\/v2\/pages"}],"about":[{"href":"https:\/\/www.benders.company\/en\/wp-json\/wp\/v2\/types\/page"}],"author":[{"embeddable":true,"href":"https:\/\/www.benders.company\/en\/wp-json\/wp\/v2\/users\/1"}],"replies":[{"embeddable":true,"href":"https:\/\/www.benders.company\/en\/wp-json\/wp\/v2\/comments?post=6814"}],"version-history":[{"count":0,"href":"https:\/\/www.benders.company\/en\/wp-json\/wp\/v2\/pages\/6814\/revisions"}],"wp:attachment":[{"href":"https:\/\/www.benders.company\/en\/wp-json\/wp\/v2\/media?parent=6814"}],"curies":[{"name":"wp","href":"https:\/\/api.w.org\/{rel}","templated":true}]}}