{"id":3344,"date":"2012-12-28T13:18:23","date_gmt":"2015-06-17T12:45:22","guid":{"rendered":"http:\/\/benders-echte.de\/?post_type=product&#038;p=3344"},"modified":"2015-06-17T14:45:56","modified_gmt":"2015-06-17T12:45:56","slug":"aluminium-mudguard-for-front-wheels-prefabricated","status":"publish","type":"product","link":"https:\/\/www.benders.company\/en\/shop\/fenders\/aluminium-mudguard-for-front-wheels-prefabricated\/","title":{"rendered":"Aluminium mudguard for front wheels &#8211; prefabricated"},"content":{"rendered":"<p>Solid hand-made mud guards, stylish 1.5mm thick aluminum, the matt surface can be polished or coated. The mudguard comes with ripped rims.<\/p>\n<p class=\"p1\"><strong>Technical Data<\/strong><\/p>\n<p>Available\u00a0for 17&#8243;, 18&#8243;, 19&#8243; and 21&#8243; wheels. Standard width of 100\u00a0mm, length depends on size. If you require different sizes, please choose our custom product:\u00a0<a href=\"https:\/\/www.benders.company\/en\/shop\/fenders\/aluminium-mudguard-for-front-wheels\/\">https:\/\/www.benders.company\/en\/shop\/fenders\/aluminium-mudguard-for-front-wheels\/<\/a><\/p>\n<p><strong>Information for Assembling<\/strong><\/p>\n<p>An ideal mount for the front wheel mudguards is\u00a0our <a href=\"https:\/\/www.benders.company\/en\/shop\/houlders\/front-fork-stabilizer\/\">Universal Front Fork Stabilizer<\/a>.<\/p>\n<h3><\/h3>\n","protected":false},"excerpt":{"rendered":"<p>Aluminium Kotfl\u00fcgel f\u00fcr Vorderr\u00e4der. Robust und formsch\u00f6n mit gesickten Abschl\u00fcssen, passend f\u00fcr fast jedes Motorrad<\/p>\n","protected":false},"featured_media":2625,"template":"","meta":{"_acf_changed":false},"product_brand":[],"product_cat":[186],"product_tag":[],"class_list":{"0":"post-3344","1":"product","2":"type-product","3":"status-publish","4":"has-post-thumbnail","6":"product_cat-fenders","7":"pa_size-17-en","8":"pa_size-18-en","9":"pa_size-19-en","10":"pa_size-21-en","12":"first","13":"instock","14":"featured","15":"taxable","16":"shipping-taxable","17":"purchasable","18":"product-type-variable"},"acf":[],"_links":{"self":[{"href":"https:\/\/www.benders.company\/en\/wp-json\/wp\/v2\/product\/3344","targetHints":{"allow":["GET"]}}],"collection":[{"href":"https:\/\/www.benders.company\/en\/wp-json\/wp\/v2\/product"}],"about":[{"href":"https:\/\/www.benders.company\/en\/wp-json\/wp\/v2\/types\/product"}],"wp:featuredmedia":[{"embeddable":true,"href":"https:\/\/www.benders.company\/en\/wp-json\/wp\/v2\/media\/2625"}],"wp:attachment":[{"href":"https:\/\/www.benders.company\/en\/wp-json\/wp\/v2\/media?parent=3344"}],"wp:term":[{"taxonomy":"product_brand","embeddable":true,"href":"https:\/\/www.benders.company\/en\/wp-json\/wp\/v2\/product_brand?post=3344"},{"taxonomy":"product_cat","embeddable":true,"href":"https:\/\/www.benders.company\/en\/wp-json\/wp\/v2\/product_cat?post=3344"},{"taxonomy":"product_tag","embeddable":true,"href":"https:\/\/www.benders.company\/en\/wp-json\/wp\/v2\/product_tag?post=3344"}],"curies":[{"name":"wp","href":"https:\/\/api.w.org\/{rel}","templated":true}]}}