{"id":6681,"date":"2017-09-26T12:20:37","date_gmt":"2017-09-26T10:20:37","guid":{"rendered":"https:\/\/www.benders.company\/shop\/unkategorisiert\/fahrwerk-kit\/"},"modified":"2017-12-04T10:11:42","modified_gmt":"2017-12-04T09:11:42","slug":"fahrwerk-kit","status":"publish","type":"product","link":"https:\/\/www.benders.company\/en\/shop\/bmw\/r-ninet-scrambler-en\/fahrwerk-kit\/","title":{"rendered":"Fahrwerk-Kit"},"content":{"rendered":"<p>Das Fahrwerk, das in Kooperation mit der Fa. Wilbers entwickelt wurde, bietet deutlich l\u00e4ngere Federwege durch eine in Zug- und Druckstufe einstellbare Gabel sowie ein hochwertiges Federbein, das zudem in der Federvorspannung verstellbar ist. Damit beeindruckt das Motorrad nicht nur mit 7cm mehr Sitzh\u00f6he als das Original, sondern es bietet dem Fahrer die Reserven, die er sich beim Off-Road- oder ambitionierten Stra\u00dfen-Einsatz w\u00fcnscht.<\/p>\n<p><strong>Das Fahrwerkskit beinhaltet:<\/strong><br \/>\n&#8211; Federbein Typ 642<br \/>\n&#8211; Cartridge-Set inklusive l\u00e4ngeren Standrohren<br \/>\n&#8211; Gabel\u00f6l<\/p>\n<p><strong>Hinweis:<\/strong><br \/>\nFederbein einstellbar in Federvorspannung, Zugstufe sowie in der Druckstufe.<\/p>\n","protected":false},"excerpt":{"rendered":"<p>Das Fahrwerk, das in Kooperation mit der Fa. Wilbers entwickelt wurde, bietet deutlich l\u00e4ngere Federwege durch eine in Zug- und Druckstufe einstellbare Gabel sowie ein hochwertiges Federbein, das zudem in der Federvorspannung verstellbar ist. Damit beeindruckt das Motorrad nicht nur mit 7cm mehr Sitzh\u00f6he als das Original, sondern es bietet dem Fahrer die Reserven, die [&hellip;]<\/p>\n","protected":false},"featured_media":6745,"template":"","meta":{"_acf_changed":false},"product_brand":[],"product_cat":[463,435,436],"product_tag":[],"class_list":{"0":"post-6681","1":"product","2":"type-product","3":"status-publish","4":"has-post-thumbnail","6":"product_cat-chassis","7":"product_cat-r-ninet-scrambler-en","8":"product_cat-r-ninet-urban-gs-en","10":"first","11":"instock","12":"taxable","13":"shipping-taxable","14":"purchasable","15":"product-type-variable"},"acf":[],"_links":{"self":[{"href":"https:\/\/www.benders.company\/en\/wp-json\/wp\/v2\/product\/6681","targetHints":{"allow":["GET"]}}],"collection":[{"href":"https:\/\/www.benders.company\/en\/wp-json\/wp\/v2\/product"}],"about":[{"href":"https:\/\/www.benders.company\/en\/wp-json\/wp\/v2\/types\/product"}],"wp:featuredmedia":[{"embeddable":true,"href":"https:\/\/www.benders.company\/en\/wp-json\/wp\/v2\/media\/6745"}],"wp:attachment":[{"href":"https:\/\/www.benders.company\/en\/wp-json\/wp\/v2\/media?parent=6681"}],"wp:term":[{"taxonomy":"product_brand","embeddable":true,"href":"https:\/\/www.benders.company\/en\/wp-json\/wp\/v2\/product_brand?post=6681"},{"taxonomy":"product_cat","embeddable":true,"href":"https:\/\/www.benders.company\/en\/wp-json\/wp\/v2\/product_cat?post=6681"},{"taxonomy":"product_tag","embeddable":true,"href":"https:\/\/www.benders.company\/en\/wp-json\/wp\/v2\/product_tag?post=6681"}],"curies":[{"name":"wp","href":"https:\/\/api.w.org\/{rel}","templated":true}]}}